{"id":13,"date":"2021-02-12T01:39:32","date_gmt":"2021-02-12T07:39:32","guid":{"rendered":"https:\/\/bruu.coffee\/?page_id=13"},"modified":"2021-10-03T20:59:50","modified_gmt":"2021-10-04T02:59:50","slug":"nosotros","status":"publish","type":"page","link":"https:\/\/bruu.coffee\/en\/nosotros\/","title":{"rendered":"About Us"},"content":{"rendered":"<div data-elementor-type=\"wp-page\" data-elementor-id=\"13\" class=\"elementor elementor-13\" data-elementor-post-type=\"page\">\n\t\t\t\t\t\t<section class=\"elementor-section elementor-top-section elementor-element elementor-element-702cb38 elementor-section-boxed elementor-section-height-default elementor-section-height-default\" data-id=\"702cb38\" data-element_type=\"section\">\n\t\t\t\t\t\t<div class=\"elementor-container elementor-column-gap-default\">\n\t\t\t\t\t<div class=\"elementor-column elementor-col-100 elementor-top-column elementor-element elementor-element-f504b96\" data-id=\"f504b96\" data-element_type=\"column\">\n\t\t\t<div class=\"elementor-widget-wrap elementor-element-populated\">\n\t\t\t\t\t\t<div class=\"elementor-element elementor-element-a4ec7b6 elementor-widget elementor-widget-heading\" data-id=\"a4ec7b6\" data-element_type=\"widget\" data-widget_type=\"heading.default\">\n\t\t\t\t<div class=\"elementor-widget-container\">\n\t\t\t<h2 class=\"elementor-heading-title elementor-size-default\">Our History<\/h2>\t\t<\/div>\n\t\t\t\t<\/div>\n\t\t\t\t<div class=\"elementor-element elementor-element-ba7ae9f elementor-widget-divider--view-line elementor-widget elementor-widget-divider\" data-id=\"ba7ae9f\" data-element_type=\"widget\" data-widget_type=\"divider.default\">\n\t\t\t\t<div class=\"elementor-widget-container\">\n\t\t\t\t\t<div class=\"elementor-divider\">\n\t\t\t<span class=\"elementor-divider-separator\">\n\t\t\t\t\t\t<\/span>\n\t\t<\/div>\n\t\t\t\t<\/div>\n\t\t\t\t<\/div>\n\t\t\t\t\t<\/div>\n\t\t<\/div>\n\t\t\t\t\t<\/div>\n\t\t<\/section>\n\t\t\t\t<section class=\"elementor-section elementor-top-section elementor-element elementor-element-cbdb8d3 elementor-section-boxed elementor-section-height-default elementor-section-height-default\" data-id=\"cbdb8d3\" data-element_type=\"section\">\n\t\t\t\t\t\t<div class=\"elementor-container elementor-column-gap-default\">\n\t\t\t\t\t<div class=\"elementor-column elementor-col-100 elementor-top-column elementor-element elementor-element-a630333\" data-id=\"a630333\" data-element_type=\"column\">\n\t\t\t<div class=\"elementor-widget-wrap elementor-element-populated\">\n\t\t\t\t\t\t<div class=\"elementor-element elementor-element-a11df19 elementor-widget elementor-widget-image\" data-id=\"a11df19\" data-element_type=\"widget\" data-widget_type=\"image.default\">\n\t\t\t\t<div class=\"elementor-widget-container\">\n\t\t\t\t\t\t\t\t\t\t\t\t\t<img fetchpriority=\"high\" decoding=\"async\" width=\"843\" height=\"1024\" src=\"https:\/\/i0.wp.com\/bruu.coffee\/wp-content\/uploads\/2021\/09\/IMG-20210822-WA0010.jpg?fit=843%2C1024&amp;ssl=1\" class=\"attachment-large size-large wp-image-159\" alt=\"\" srcset=\"https:\/\/i0.wp.com\/bruu.coffee\/wp-content\/uploads\/2021\/09\/IMG-20210822-WA0010.jpg?w=1054&amp;ssl=1 1054w, https:\/\/i0.wp.com\/bruu.coffee\/wp-content\/uploads\/2021\/09\/IMG-20210822-WA0010.jpg?resize=247%2C300&amp;ssl=1 247w, https:\/\/i0.wp.com\/bruu.coffee\/wp-content\/uploads\/2021\/09\/IMG-20210822-WA0010.jpg?resize=843%2C1024&amp;ssl=1 843w, https:\/\/i0.wp.com\/bruu.coffee\/wp-content\/uploads\/2021\/09\/IMG-20210822-WA0010.jpg?resize=768%2C933&amp;ssl=1 768w, https:\/\/i0.wp.com\/bruu.coffee\/wp-content\/uploads\/2021\/09\/IMG-20210822-WA0010.jpg?resize=600%2C729&amp;ssl=1 600w\" sizes=\"(max-width: 843px) 100vw, 843px\" \/>\t\t\t\t\t\t\t\t\t\t\t\t\t<\/div>\n\t\t\t\t<\/div>\n\t\t\t\t<div class=\"elementor-element elementor-element-2dd4bc4 elementor-widget elementor-widget-text-editor\" data-id=\"2dd4bc4\" data-element_type=\"widget\" data-widget_type=\"text-editor.default\">\n\t\t\t\t<div class=\"elementor-widget-container\">\n\t\t\t\t\t\t\t<p style=\"text-align: center;\">Renato Maselli | Fuounder of Bruu Coffee Roasters<\/p>\t\t\t\t\t\t<\/div>\n\t\t\t\t<\/div>\n\t\t\t\t<div class=\"elementor-element elementor-element-4eb4f5e elementor-widget elementor-widget-text-editor\" data-id=\"4eb4f5e\" data-element_type=\"widget\" data-widget_type=\"text-editor.default\">\n\t\t\t\t<div class=\"elementor-widget-container\">\n\t\t\t\t\t\t\t<p style=\"text-align: left;\">Hey, what 's up? Let me introduce myself, I am Renato Maselli. I\u2019m going to share with\nyou the story of how coffee captivated me. It all started in 2013 when I was travelling\naround the world and ended up in London serving espressos, flat whites and\ncappuccinos behind a coffee bar. Mostly I found myself talking to people, sharing stories about Guatemalan culture and pondering about the beauty of life. It was through coffee that I found pleasure in service. After a while life brought me back to my country, where I started my education in specialty coffee. I opened a very small but lovely coffee bar in the heart of Antigua Guatemala. I called it Laberinto, which means Labyrinth (you know, like when you get so deep inside your own mess that you find your core?). I dreamed of serving the best coffee that makes people smile, and this led me to my passion: The Alchemy through which we transform green coffee into flavourful roasted coffee beans. In 2016 I opened the doors of my home and roastery to my friends. My rule of thumb was \u201clearn to roast better and give amazing service\u201d without knowing that this would take me the rest of my life! In order to do so I travelled everywhere looking to become a good roaster. I ended up attending the Specialty Coffee Association (SCA) Coffee Skills Program and got certified. After that I kept looking for more and got licenced by Coffee Quality Institute (CQI), besides many other courses and workshops around the world. Today I keep learning, studying and signing up to different classes, looking fiercely to be better every day, to serve better and contributing to specialty coffee in guatemala. I want to welcome you to Bruu Coffee Roasters.<\/p>\n<p style=\"text-align: left;\">it\u2019s an honor meeting you...<\/p>\t\t\t\t\t\t<\/div>\n\t\t\t\t<\/div>\n\t\t\t\t\t<\/div>\n\t\t<\/div>\n\t\t\t\t\t<\/div>\n\t\t<\/section>\n\t\t\t\t<section class=\"elementor-section elementor-top-section elementor-element elementor-element-6e05f9e elementor-section-boxed elementor-section-height-default elementor-section-height-default\" data-id=\"6e05f9e\" data-element_type=\"section\">\n\t\t\t\t\t\t<div class=\"elementor-container elementor-column-gap-default\">\n\t\t\t\t\t<div class=\"elementor-column elementor-col-100 elementor-top-column elementor-element elementor-element-aa0f43d\" data-id=\"aa0f43d\" data-element_type=\"column\">\n\t\t\t<div class=\"elementor-widget-wrap elementor-element-populated\">\n\t\t\t\t\t\t<div class=\"elementor-element elementor-element-a749c6c elementor-widget-divider--view-line_icon elementor-view-default elementor-widget-divider--element-align-center elementor-widget elementor-widget-divider\" data-id=\"a749c6c\" data-element_type=\"widget\" data-widget_type=\"divider.default\">\n\t\t\t\t<div class=\"elementor-widget-container\">\n\t\t\t\t\t<div class=\"elementor-divider\">\n\t\t\t<span class=\"elementor-divider-separator\">\n\t\t\t\t\t\t\t<div class=\"elementor-icon elementor-divider__element\">\n\t\t\t\t\t<svg xmlns=\"http:\/\/www.w3.org\/2000\/svg\" xmlns:xlink=\"http:\/\/www.w3.org\/1999\/xlink\" id=\"Capa_1\" x=\"0px\" y=\"0px\" viewbox=\"0 0 1080 1080\" style=\"enable-background:new 0 0 1080 1080;\" xml:space=\"preserve\"><style type=\"text\/css\">\t.st0{fill:#1F140F;}<\/style><g>\t<path class=\"st0\" d=\"M581.91,483.15c-102.56,89.08-124.87,196.9-113.93,316.52c-42.11-12.26-58.18-39.37-66.79-112.19   c-76.94,77.8-73.04,217.37,14.92,328.9c-78.32-33.08-132-81.35-167.6-147.94c-61.22-114.51-56.7-230.06,4.91-342.85   c19.37-35.46,44.23-68.26,69.06-100.35C435.07,279.69,448.72,247.36,467.85,64.53c162.91,97.98,247.68,236.44,247.76,428.57   c40.23-21.52,51.35-58.14,61.79-102.51c69.24,121.71,116.45,242.23,91.95,378.19c-21.41,118.82-93.43,199.6-204.93,246.55   c60.32-58.76,88.27-129.14,63.7-210.26c-12.48-41.21-37.1-80.34-62.85-115.57C621.58,629.72,583.88,568.86,581.91,483.15z\"><\/path><\/g><\/svg><\/div>\n\t\t\t\t\t\t<\/span>\n\t\t<\/div>\n\t\t\t\t<\/div>\n\t\t\t\t<\/div>\n\t\t\t\t\t<\/div>\n\t\t<\/div>\n\t\t\t\t\t<\/div>\n\t\t<\/section>\n\t\t\t\t<section class=\"elementor-section elementor-top-section elementor-element elementor-element-baa880f elementor-section-boxed elementor-section-height-default elementor-section-height-default\" data-id=\"baa880f\" data-element_type=\"section\">\n\t\t\t\t\t\t<div class=\"elementor-container elementor-column-gap-default\">\n\t\t\t\t\t<div class=\"elementor-column elementor-col-100 elementor-top-column elementor-element elementor-element-90b3d0c\" data-id=\"90b3d0c\" data-element_type=\"column\">\n\t\t\t<div class=\"elementor-widget-wrap elementor-element-populated\">\n\t\t\t\t\t\t<div class=\"elementor-element elementor-element-e5653ef elementor-widget elementor-widget-image\" data-id=\"e5653ef\" data-element_type=\"widget\" data-widget_type=\"image.default\">\n\t\t\t\t<div class=\"elementor-widget-container\">\n\t\t\t\t\t\t\t\t\t\t\t\t\t<img decoding=\"async\" width=\"1024\" height=\"647\" src=\"https:\/\/i0.wp.com\/bruu.coffee\/wp-content\/uploads\/2021\/09\/bruu-coffee-roasters_Isologo_Positivo_Transparente.png?fit=1024%2C647&amp;ssl=1\" class=\"attachment-large size-large wp-image-50\" alt=\"\" srcset=\"https:\/\/i0.wp.com\/bruu.coffee\/wp-content\/uploads\/2021\/09\/bruu-coffee-roasters_Isologo_Positivo_Transparente.png?w=3120&amp;ssl=1 3120w, https:\/\/i0.wp.com\/bruu.coffee\/wp-content\/uploads\/2021\/09\/bruu-coffee-roasters_Isologo_Positivo_Transparente.png?resize=300%2C190&amp;ssl=1 300w, https:\/\/i0.wp.com\/bruu.coffee\/wp-content\/uploads\/2021\/09\/bruu-coffee-roasters_Isologo_Positivo_Transparente.png?resize=1024%2C647&amp;ssl=1 1024w, https:\/\/i0.wp.com\/bruu.coffee\/wp-content\/uploads\/2021\/09\/bruu-coffee-roasters_Isologo_Positivo_Transparente.png?resize=768%2C485&amp;ssl=1 768w, https:\/\/i0.wp.com\/bruu.coffee\/wp-content\/uploads\/2021\/09\/bruu-coffee-roasters_Isologo_Positivo_Transparente.png?resize=1536%2C971&amp;ssl=1 1536w, https:\/\/i0.wp.com\/bruu.coffee\/wp-content\/uploads\/2021\/09\/bruu-coffee-roasters_Isologo_Positivo_Transparente.png?resize=2048%2C1294&amp;ssl=1 2048w, https:\/\/i0.wp.com\/bruu.coffee\/wp-content\/uploads\/2021\/09\/bruu-coffee-roasters_Isologo_Positivo_Transparente.png?resize=1320%2C834&amp;ssl=1 1320w, https:\/\/i0.wp.com\/bruu.coffee\/wp-content\/uploads\/2021\/09\/bruu-coffee-roasters_Isologo_Positivo_Transparente.png?resize=600%2C379&amp;ssl=1 600w, https:\/\/i0.wp.com\/bruu.coffee\/wp-content\/uploads\/2021\/09\/bruu-coffee-roasters_Isologo_Positivo_Transparente.png?w=3000&amp;ssl=1 3000w\" sizes=\"(max-width: 1000px) 100vw, 1000px\" \/>\t\t\t\t\t\t\t\t\t\t\t\t\t<\/div>\n\t\t\t\t<\/div>\n\t\t\t\t<div class=\"elementor-element elementor-element-854973e elementor-widget elementor-widget-text-editor\" data-id=\"854973e\" data-element_type=\"widget\" data-widget_type=\"text-editor.default\">\n\t\t\t\t<div class=\"elementor-widget-container\">\n\t\t\t\t\t\t\t<p style=\"text-align: center;\">Bruu Coffee Roasters<\/p>\t\t\t\t\t\t<\/div>\n\t\t\t\t<\/div>\n\t\t\t\t<div class=\"elementor-element elementor-element-9b1c1ff elementor-widget elementor-widget-text-editor\" data-id=\"9b1c1ff\" data-element_type=\"widget\" data-widget_type=\"text-editor.default\">\n\t\t\t\t<div class=\"elementor-widget-container\">\n\t\t\t\t\t\t\t<p style=\"text-align: left;\">Our team seeks to improve and contribute to specialty coffee culture through three fundamental pillars:<em> Service - Research - Education.<\/em><\/p><p><strong>Service:<\/strong><br \/>We conceive service not only as satisfying any need, but the best opportunity to grow,\nimprove and create a bond with our customers<\/p><p><strong>Education:<\/strong><br \/>We believe that education makes us better in our working places and in our lives. The\ncontinuous exercise of learning opens doors in our minds to be better in every way and\nkeeps our intuition muscle in shape.<\/p><p><strong>Research:<\/strong><br \/>Asking ourselves questions on a daily basis is our morning coffee. Research keeps us\nupdated and allows us to renew and improve our services and classes. We firmly believe\nthat specialty coffee\u2019s growth must be based in knowledge, experimentation and science\nand for this reason we have created a daily workflow based on data collection, analysis,\ninterpretation and implementation to our daily routines so that we can provide you with a high quality service and professionalism.<\/p>\t\t\t\t\t\t<\/div>\n\t\t\t\t<\/div>\n\t\t\t\t\t<\/div>\n\t\t<\/div>\n\t\t\t\t\t<\/div>\n\t\t<\/section>\n\t\t\t\t<\/div>","protected":false},"excerpt":{"rendered":"<p>Nuestra Historia Renato Maselli | Fundador de Bruu Coffee Roasters Hola, \u00bfque tal? \u00a1Quiero presentarme con ustedes! Mi nombre es Renato Maselli. Les contar\u00e9 mi historia en el mundo de caf\u00e9. Hace algunos a\u00f1os, en el 2013, estaba viajando por el mundo, busc\u00e1ndome a mi mismo, y me encontr\u00e9 en Londres, detr\u00e1s de una barra [&hellip;]<\/p>","protected":false},"author":1,"featured_media":0,"parent":0,"menu_order":0,"comment_status":"closed","ping_status":"closed","template":"","meta":{"site-sidebar-layout":"default","site-content-layout":"","ast-site-content-layout":"","site-content-style":"default","site-sidebar-style":"default","ast-global-header-display":"","ast-banner-title-visibility":"","ast-main-header-display":"","ast-hfb-above-header-display":"","ast-hfb-below-header-display":"","ast-hfb-mobile-header-display":"","site-post-title":"","ast-breadcrumbs-content":"","ast-featured-img":"","footer-sml-layout":"","theme-transparent-header-meta":"","adv-header-id-meta":"","stick-header-meta":"","header-above-stick-meta":"","header-main-stick-meta":"","header-below-stick-meta":"","astra-migrate-meta-layouts":"default","ast-page-background-enabled":"default","ast-page-background-meta":{"desktop":{"background-color":"var(--ast-global-color-4)","background-image":"","background-repeat":"repeat","background-position":"center center","background-size":"auto","background-attachment":"scroll","background-type":"","background-media":"","overlay-type":"","overlay-color":"","overlay-opacity":"","overlay-gradient":""},"tablet":{"background-color":"","background-image":"","background-repeat":"repeat","background-position":"center center","background-size":"auto","background-attachment":"scroll","background-type":"","background-media":"","overlay-type":"","overlay-color":"","overlay-opacity":"","overlay-gradient":""},"mobile":{"background-color":"","background-image":"","background-repeat":"repeat","background-position":"center center","background-size":"auto","background-attachment":"scroll","background-type":"","background-media":"","overlay-type":"","overlay-color":"","overlay-opacity":"","overlay-gradient":""}},"ast-content-background-meta":{"desktop":{"background-color":"var(--ast-global-color-5)","background-image":"","background-repeat":"repeat","background-position":"center center","background-size":"auto","background-attachment":"scroll","background-type":"","background-media":"","overlay-type":"","overlay-color":"","overlay-opacity":"","overlay-gradient":""},"tablet":{"background-color":"var(--ast-global-color-5)","background-image":"","background-repeat":"repeat","background-position":"center center","background-size":"auto","background-attachment":"scroll","background-type":"","background-media":"","overlay-type":"","overlay-color":"","overlay-opacity":"","overlay-gradient":""},"mobile":{"background-color":"var(--ast-global-color-5)","background-image":"","background-repeat":"repeat","background-position":"center center","background-size":"auto","background-attachment":"scroll","background-type":"","background-media":"","overlay-type":"","overlay-color":"","overlay-opacity":"","overlay-gradient":""}},"footnotes":""},"class_list":["post-13","page","type-page","status-publish","hentry"],"jetpack_sharing_enabled":true,"_links":{"self":[{"href":"https:\/\/bruu.coffee\/en\/wp-json\/wp\/v2\/pages\/13","targetHints":{"allow":["GET"]}}],"collection":[{"href":"https:\/\/bruu.coffee\/en\/wp-json\/wp\/v2\/pages"}],"about":[{"href":"https:\/\/bruu.coffee\/en\/wp-json\/wp\/v2\/types\/page"}],"author":[{"embeddable":true,"href":"https:\/\/bruu.coffee\/en\/wp-json\/wp\/v2\/users\/1"}],"replies":[{"embeddable":true,"href":"https:\/\/bruu.coffee\/en\/wp-json\/wp\/v2\/comments?post=13"}],"version-history":[{"count":49,"href":"https:\/\/bruu.coffee\/en\/wp-json\/wp\/v2\/pages\/13\/revisions"}],"predecessor-version":[{"id":225,"href":"https:\/\/bruu.coffee\/en\/wp-json\/wp\/v2\/pages\/13\/revisions\/225"}],"wp:attachment":[{"href":"https:\/\/bruu.coffee\/en\/wp-json\/wp\/v2\/media?parent=13"}],"curies":[{"name":"wp","href":"https:\/\/api.w.org\/{rel}","templated":true}]}}